{"id":514,"date":"2023-09-11T00:04:43","date_gmt":"2023-09-11T00:04:43","guid":{"rendered":"https:\/\/talent-sourcing.com\/?page_id=514"},"modified":"2024-08-01T17:06:35","modified_gmt":"2024-08-01T15:06:35","slug":"ueber-uns","status":"publish","type":"page","link":"https:\/\/talent-sourcing.com\/english\/ueber-uns\/","title":{"rendered":"About us"},"content":{"rendered":"<div data-elementor-type=\"wp-page\" data-elementor-id=\"514\" class=\"elementor elementor-514\">\n\t\t\t\t\t\t<section class=\"elementor-section elementor-top-section elementor-element elementor-element-21725973 elementor-section-full_width jkit-sticky-element--enabled elementor-section-height-default elementor-section-height-default jkit-sticky-element-on--down jkit-sticky-position--sticky\" data-id=\"21725973\" data-element_type=\"section\" id=\"sticky-header\" data-settings=\"{&quot;background_background&quot;:&quot;classic&quot;,&quot;jkit_sticky_device&quot;:&quot;desktop&quot;,&quot;jkit_sticky_top_position&quot;:{&quot;unit&quot;:&quot;px&quot;,&quot;size&quot;:0,&quot;sizes&quot;:[]}}\">\n\t\t\t\t\t\t<div class=\"elementor-container elementor-column-gap-no\">\n\t\t\t\t\t<div class=\"elementor-column elementor-col-100 elementor-top-column elementor-element elementor-element-233c21fa\" data-id=\"233c21fa\" data-element_type=\"column\">\n\t\t\t<div class=\"elementor-widget-wrap elementor-element-populated\">\n\t\t\t\t\t\t<section class=\"elementor-section elementor-inner-section elementor-element elementor-element-5508f62b elementor-section-boxed elementor-section-height-default elementor-section-height-default\" data-id=\"5508f62b\" data-element_type=\"section\">\n\t\t\t\t\t\t<div class=\"elementor-container elementor-column-gap-default\">\n\t\t\t\t\t<div class=\"elementor-column elementor-col-100 elementor-inner-column elementor-element elementor-element-5f0af8ee\" data-id=\"5f0af8ee\" data-element_type=\"column\">\n\t\t\t<div class=\"elementor-widget-wrap elementor-element-populated\">\n\t\t\t\t\t\t<div class=\"elementor-element elementor-element-5ecf44b elementor-widget elementor-widget-heading\" data-id=\"5ecf44b\" data-element_type=\"widget\" data-widget_type=\"heading.default\">\n\t\t\t\t<div class=\"elementor-widget-container\">\n\t\t\t\t\t<h2 class=\"elementor-heading-title elementor-size-default\">Talent Sourcing<\/h2>\t\t\t\t<\/div>\n\t\t\t\t<\/div>\n\t\t\t\t<div class=\"elementor-element elementor-element-3d3c184 elementor-invisible elementor-widget elementor-widget-text-editor\" data-id=\"3d3c184\" data-element_type=\"widget\" data-settings=\"{&quot;_animation&quot;:&quot;fadeIn&quot;,&quot;_animation_delay&quot;:400}\" data-widget_type=\"text-editor.default\">\n\t\t\t\t<div class=\"elementor-widget-container\">\n\t\t\t\t\t\t\t\t\t<p>Excellence - Commitment - Empathy<\/p>\t\t\t\t\t\t\t\t<\/div>\n\t\t\t\t<\/div>\n\t\t\t\t\t<\/div>\n\t\t<\/div>\n\t\t\t\t\t<\/div>\n\t\t<\/section>\n\t\t\t\t\t<\/div>\n\t\t<\/div>\n\t\t\t\t\t<\/div>\n\t\t<\/section>\n\t\t\t\t<section class=\"elementor-section elementor-top-section elementor-element elementor-element-57c4490e elementor-reverse-tablet elementor-section-boxed elementor-section-height-default elementor-section-height-default\" data-id=\"57c4490e\" data-element_type=\"section\" data-settings=\"{&quot;background_background&quot;:&quot;classic&quot;}\">\n\t\t\t\t\t\t<div class=\"elementor-container elementor-column-gap-default\">\n\t\t\t\t\t<div class=\"elementor-column elementor-col-50 elementor-top-column elementor-element elementor-element-6781d509\" data-id=\"6781d509\" data-element_type=\"column\">\n\t\t\t<div class=\"elementor-widget-wrap elementor-element-populated\">\n\t\t\t\t\t\t<div class=\"elementor-element elementor-element-1da4eb5d elementor-widget__width-inherit elementor-widget elementor-widget-image\" data-id=\"1da4eb5d\" data-element_type=\"widget\" data-widget_type=\"image.default\">\n\t\t\t\t<div class=\"elementor-widget-container\">\n\t\t\t\t\t\t\t\t\t\t\t\t\t\t\t<img fetchpriority=\"high\" decoding=\"async\" width=\"571\" height=\"714\" src=\"https:\/\/talent-sourcing.com\/wp-content\/uploads\/2023\/09\/MK_Circle_Green.png\" class=\"attachment-large size-large wp-image-1939\" alt=\"\" srcset=\"https:\/\/talent-sourcing.com\/wp-content\/uploads\/2023\/09\/MK_Circle_Green.png 571w, https:\/\/talent-sourcing.com\/wp-content\/uploads\/2023\/09\/MK_Circle_Green-240x300.png 240w, https:\/\/talent-sourcing.com\/wp-content\/uploads\/2023\/09\/MK_Circle_Green-10x12.png 10w\" sizes=\"(max-width: 571px) 100vw, 571px\" \/>\t\t\t\t\t\t\t\t\t\t\t\t\t\t\t<\/div>\n\t\t\t\t<\/div>\n\t\t\t\t\t<\/div>\n\t\t<\/div>\n\t\t\t\t<div class=\"elementor-column elementor-col-50 elementor-top-column elementor-element elementor-element-4b7fbc61\" data-id=\"4b7fbc61\" data-element_type=\"column\">\n\t\t\t<div class=\"elementor-widget-wrap elementor-element-populated\">\n\t\t\t\t\t\t<div class=\"elementor-element elementor-element-90ee8b4 elementor-widget elementor-widget-heading\" data-id=\"90ee8b4\" data-element_type=\"widget\" data-widget_type=\"heading.default\">\n\t\t\t\t<div class=\"elementor-widget-container\">\n\t\t\t\t\t<h2 class=\"elementor-heading-title elementor-size-default\">\"I help companies find balance in a business world full of constant motion. Complexities in today's talent acquisition is my hobby horse.\"<\/h2>\t\t\t\t<\/div>\n\t\t\t\t<\/div>\n\t\t\t\t<div class=\"elementor-element elementor-element-1176e25f elementor-widget__width-initial elementor-invisible elementor-widget elementor-widget-heading\" data-id=\"1176e25f\" data-element_type=\"widget\" data-settings=\"{&quot;_animation&quot;:&quot;fadeIn&quot;,&quot;_animation_delay&quot;:200}\" data-widget_type=\"heading.default\">\n\t\t\t\t<div class=\"elementor-widget-container\">\n\t\t\t\t\t<h6 class=\"elementor-heading-title elementor-size-default\">Magdalena Miedl, born. Kagerer<\/h6>\t\t\t\t<\/div>\n\t\t\t\t<\/div>\n\t\t\t\t\t<\/div>\n\t\t<\/div>\n\t\t\t\t\t<\/div>\n\t\t<\/section>\n\t\t\t\t<section class=\"elementor-section elementor-top-section elementor-element elementor-element-9202927 elementor-section-boxed elementor-section-height-default elementor-section-height-default\" data-id=\"9202927\" data-element_type=\"section\" data-settings=\"{&quot;background_background&quot;:&quot;classic&quot;}\">\n\t\t\t\t\t\t\t<div class=\"elementor-background-overlay\"><\/div>\n\t\t\t\t\t\t\t<div class=\"elementor-container elementor-column-gap-default\">\n\t\t\t\t\t<div class=\"elementor-column elementor-col-100 elementor-top-column elementor-element elementor-element-a43048e\" data-id=\"a43048e\" data-element_type=\"column\">\n\t\t\t<div class=\"elementor-widget-wrap elementor-element-populated\">\n\t\t\t\t\t\t<div class=\"elementor-element elementor-element-3642060 elementor-widget__width-initial elementor-invisible elementor-widget elementor-widget-heading\" data-id=\"3642060\" data-element_type=\"widget\" data-settings=\"{&quot;_animation&quot;:&quot;fadeIn&quot;}\" data-widget_type=\"heading.default\">\n\t\t\t\t<div class=\"elementor-widget-container\">\n\t\t\t\t\t<h2 class=\"elementor-heading-title elementor-size-default\">About us<\/h2>\t\t\t\t<\/div>\n\t\t\t\t<\/div>\n\t\t\t\t<div class=\"elementor-element elementor-element-b1b1b04 elementor-widget__width-initial elementor-widget elementor-widget-text-editor\" data-id=\"b1b1b04\" data-element_type=\"widget\" data-widget_type=\"text-editor.default\">\n\t\t\t\t<div class=\"elementor-widget-container\">\n\t\t\t\t\t\t\t\t\t<p>I am Magdalena Miedl, born. Kagerer, the founder of Talent Sourcing. I hold a Bachelor's degree in Tourism and Business Management with a focus on Human Resources. I am Swiss with German roots and live and work in both Munich and Zurich.\u00a0<\/p><p>For many years I worked full-time in HR consulting and recruiting, focusing on executive search, headhunting and direct sourcing. At some point, the question came to me why companies pay considerable amounts of money for flat-rate recruiters when they could instead rely on active sourcing and modern recruiting solutions. This is exactly where my service comes in.<\/p>\t\t\t\t\t\t\t\t<\/div>\n\t\t\t\t<\/div>\n\t\t\t\t<div class=\"elementor-element elementor-element-0bb3571 elementor-widget elementor-widget-html\" data-id=\"0bb3571\" data-element_type=\"widget\" data-widget_type=\"html.default\">\n\t\t\t\t<div class=\"elementor-widget-container\">\n\t\t\t\t\t<script type=\"text\/javascript\">\n  jQuery(document).ready(function( $ ){\n    \/\/ Active Sourcing\n    $(\"a[href*=#activeSourcing]\").on( \"click\", function() {\n      $(\"#more-active-sourching\").slideToggle( \"slow\" );\n    });\n\n    \/\/ Executive Search\n    $(\"a[href*=#executiveSearch]\").on( \"click\", function() {\n      $(\"#more-executive-search\").slideToggle( \"slow\" );\n    });\n\n    \/\/ Performance Recruiting\n    $(\"a[href*=#performanceRecruiting]\").on( \"click\", function() {\n      $(\"#more-performance-recruiting\").slideToggle( \"slow\" );\n    });\n  });\n\n<\/script>\t\t\t\t<\/div>\n\t\t\t\t<\/div>\n\t\t\t\t<section class=\"elementor-section elementor-inner-section elementor-element elementor-element-fef0128 elementor-section-boxed elementor-section-height-default elementor-section-height-default\" data-id=\"fef0128\" data-element_type=\"section\">\n\t\t\t\t\t\t<div class=\"elementor-container elementor-column-gap-no\">\n\t\t\t\t\t<div class=\"elementor-column elementor-col-33 elementor-inner-column elementor-element elementor-element-9d1db4d\" data-id=\"9d1db4d\" data-element_type=\"column\">\n\t\t\t<div class=\"elementor-widget-wrap elementor-element-populated\">\n\t\t\t\t\t\t<div class=\"elementor-element elementor-element-7545e02 jkit-equal-height-enable elementor-invisible elementor-widget elementor-widget-jkit_icon_box\" data-id=\"7545e02\" data-element_type=\"widget\" data-settings=\"{&quot;_animation&quot;:&quot;fadeIn&quot;}\" data-widget_type=\"jkit_icon_box.default\">\n\t\t\t\t<div class=\"elementor-widget-container\">\n\t\t\t\t\t<div  class=\"jeg-elementor-kit jkit-icon-box icon-position- elementor-animation- jeg_module___69f73506a508b\" ><div class=\"jkit-icon-box-wrapper hover-from-left\"><div class=\"icon-box icon-box-body\">\n                <h3 class=\"title\">Excellence<\/h3><p class=\"icon-box-description\">We fill specialist and management roles with the right people and develop recruitment concepts for measurable and sustainable success. Our goal is excellence: in the work we do with our clients and candidates, in the way we apply expertise, and in the way we interact with each other. To be and remain excellent, we constantly challenge ourselves. <\/p>\n            <\/div>\n            \n            <\/div><\/div>\t\t\t\t<\/div>\n\t\t\t\t<\/div>\n\t\t\t\t\t<\/div>\n\t\t<\/div>\n\t\t\t\t<div class=\"elementor-column elementor-col-33 elementor-inner-column elementor-element elementor-element-506555d\" data-id=\"506555d\" data-element_type=\"column\">\n\t\t\t<div class=\"elementor-widget-wrap elementor-element-populated\">\n\t\t\t\t\t\t<div class=\"elementor-element elementor-element-3dc51fe jkit-equal-height-enable elementor-invisible elementor-widget elementor-widget-jkit_icon_box\" data-id=\"3dc51fe\" data-element_type=\"widget\" data-settings=\"{&quot;_animation&quot;:&quot;fadeIn&quot;,&quot;_animation_delay&quot;:200}\" data-widget_type=\"jkit_icon_box.default\">\n\t\t\t\t<div class=\"elementor-widget-container\">\n\t\t\t\t\t<div  class=\"jeg-elementor-kit jkit-icon-box icon-position- elementor-animation- jeg_module__1_69f73506a5811\" ><div class=\"jkit-icon-box-wrapper hover-from-left\"><div class=\"icon-box icon-box-body\">\n                <h3 class=\"title\">Commitment<\/h3><p class=\"icon-box-description\">We show above-average commitment and put our heart and quality into meeting individual customer and candidate requirements. In doing so, we are reliable to the highest degree and go the extra mile.<\/p>\n            <\/div>\n            \n            <\/div><\/div>\t\t\t\t<\/div>\n\t\t\t\t<\/div>\n\t\t\t\t\t<\/div>\n\t\t<\/div>\n\t\t\t\t<div class=\"elementor-column elementor-col-33 elementor-inner-column elementor-element elementor-element-078aafe\" data-id=\"078aafe\" data-element_type=\"column\">\n\t\t\t<div class=\"elementor-widget-wrap elementor-element-populated\">\n\t\t\t\t\t\t<div class=\"elementor-element elementor-element-a4caeae jkit-equal-height-enable elementor-invisible elementor-widget elementor-widget-jkit_icon_box\" data-id=\"a4caeae\" data-element_type=\"widget\" data-settings=\"{&quot;_animation&quot;:&quot;fadeIn&quot;,&quot;_animation_delay&quot;:400}\" data-widget_type=\"jkit_icon_box.default\">\n\t\t\t\t<div class=\"elementor-widget-container\">\n\t\t\t\t\t<div  class=\"jeg-elementor-kit jkit-icon-box icon-position- elementor-animation- jeg_module__2_69f73506a6008\" ><div class=\"jkit-icon-box-wrapper hover-from-left\"><div class=\"icon-box icon-box-body\">\n                <h3 class=\"title\">Empathy<\/h3><p class=\"icon-box-description\">We demonstrate emotional competence and treat our clients and candidates with respect and tolerance. We see ourselves as partners of clients and candidates and identify their individual needs. We appreciate and respect different perspectives and see it as an enrichment to convince with customized solutions.<\/p>\n            <\/div>\n            \n            <\/div><\/div>\t\t\t\t<\/div>\n\t\t\t\t<\/div>\n\t\t\t\t\t<\/div>\n\t\t<\/div>\n\t\t\t\t\t<\/div>\n\t\t<\/section>\n\t\t\t\t<div class=\"elementor-element elementor-element-dca5c47 elementor-widget__width-initial elementor-widget elementor-widget-text-editor\" data-id=\"dca5c47\" data-element_type=\"widget\" data-widget_type=\"text-editor.default\">\n\t\t\t\t<div class=\"elementor-widget-container\">\n\t\t\t\t\t\t\t\t\t<p>I would like to offer companies sustainable support in filling difficult positions. My outstanding qualities include excellence, commitment, empathy, entrepreneurial thinking and a strong service mindset.<\/p><p>\u00a0<\/p><p>Together with my network, Talent Sourcing combines expertise from various industries (Retail &amp; Luxury, Industry &amp; Tech, IT, Real Estate &amp; Construction, Finance), fields of work and regions, with a main focus on Switzerland, Liechtenstein and Germany. Thanks to my personal experience of more than a decade and the experience of my cooperation partners, Talent Sourcing can identify promising talents for key roles, assess the competencies of professionals and teams, and accompany family and mid-sized companies up to corporations pursuing ambitious recruitment goals.<\/p>\t\t\t\t\t\t\t\t<\/div>\n\t\t\t\t<\/div>\n\t\t\t\t\t<\/div>\n\t\t<\/div>\n\t\t\t\t\t<\/div>\n\t\t<\/section>\n\t\t\t\t<section class=\"elementor-section elementor-top-section elementor-element elementor-element-4b3e2584 elementor-section-full_width elementor-hidden-tablet elementor-hidden-mobile elementor-section-height-default elementor-section-height-default\" data-id=\"4b3e2584\" data-element_type=\"section\" data-settings=\"{&quot;background_background&quot;:&quot;classic&quot;}\">\n\t\t\t\t\t\t<div class=\"elementor-container elementor-column-gap-default\">\n\t\t\t\t\t<div class=\"elementor-column elementor-col-50 elementor-top-column elementor-element elementor-element-721b2a37 vision\" data-id=\"721b2a37\" data-element_type=\"column\" data-settings=\"{&quot;background_background&quot;:&quot;classic&quot;}\">\n\t\t\t<div class=\"elementor-widget-wrap elementor-element-populated\">\n\t\t\t\t\t<div class=\"elementor-background-overlay\"><\/div>\n\t\t\t\t\t\t<div class=\"elementor-element elementor-element-1b142371 elementor-widget elementor-widget-spacer\" data-id=\"1b142371\" data-element_type=\"widget\" data-widget_type=\"spacer.default\">\n\t\t\t\t<div class=\"elementor-widget-container\">\n\t\t\t\t\t\t\t<div class=\"elementor-spacer\">\n\t\t\t<div class=\"elementor-spacer-inner\"><\/div>\n\t\t<\/div>\n\t\t\t\t\t\t<\/div>\n\t\t\t\t<\/div>\n\t\t\t\t\t<\/div>\n\t\t<\/div>\n\t\t\t\t<div class=\"elementor-column elementor-col-50 elementor-top-column elementor-element elementor-element-5a6c8387 vision\" data-id=\"5a6c8387\" data-element_type=\"column\">\n\t\t\t<div class=\"elementor-widget-wrap elementor-element-populated\">\n\t\t\t\t\t\t<div class=\"elementor-element elementor-element-c398dda elementor-widget__width-initial vision elementor-invisible elementor-widget elementor-widget-jkit_heading\" data-id=\"c398dda\" data-element_type=\"widget\" data-settings=\"{&quot;_animation&quot;:&quot;fadeIn&quot;,&quot;_animation_delay&quot;:200}\" data-widget_type=\"jkit_heading.default\">\n\t\t\t\t<div class=\"elementor-widget-container\">\n\t\t\t\t\t<div  class=\"jeg-elementor-kit jkit-heading  align- align-tablet- align-mobile- jeg_module__3_69f73506aa0f0\" ><div class=\"heading-section-title  display-inline-block\"><h4 class=\"heading-title\">Our vision<\/h4><\/div><div class=\"heading-section-description\"><p>We believe in proactively approaching candidates online as well as in person. For us, the future of recruitment lies in active sourcing and in companies being able to use their own recruiting resources more efficiently and sustainably with our support. We work with passion and commitment for your recruiting projects.<\/p><\/div><\/div>\t\t\t\t<\/div>\n\t\t\t\t<\/div>\n\t\t\t\t\t<\/div>\n\t\t<\/div>\n\t\t\t\t\t<\/div>\n\t\t<\/section>\n\t\t\t\t<section class=\"elementor-section elementor-top-section elementor-element elementor-element-a0c82da elementor-section-full_width elementor-section-stretched elementor-hidden-desktop elementor-section-height-default elementor-section-height-default\" data-id=\"a0c82da\" data-element_type=\"section\" data-settings=\"{&quot;background_background&quot;:&quot;classic&quot;,&quot;stretch_section&quot;:&quot;section-stretched&quot;}\">\n\t\t\t\t\t\t<div class=\"elementor-container elementor-column-gap-no\">\n\t\t\t\t\t<div class=\"elementor-column elementor-col-100 elementor-top-column elementor-element elementor-element-9c35a64\" data-id=\"9c35a64\" data-element_type=\"column\">\n\t\t\t<div class=\"elementor-widget-wrap elementor-element-populated\">\n\t\t\t\t\t\t<div class=\"elementor-element elementor-element-ac58bd3 elementor-widget elementor-widget-image\" data-id=\"ac58bd3\" data-element_type=\"widget\" data-widget_type=\"image.default\">\n\t\t\t\t<div class=\"elementor-widget-container\">\n\t\t\t\t\t\t\t\t\t\t\t\t\t\t\t<img decoding=\"async\" width=\"300\" height=\"300\" src=\"https:\/\/talent-sourcing.com\/wp-content\/uploads\/2023\/09\/logo-text-300x300.png\" class=\"attachment-medium size-medium wp-image-1431\" alt=\"\" srcset=\"https:\/\/talent-sourcing.com\/wp-content\/uploads\/2023\/09\/logo-text-300x300.png 300w, https:\/\/talent-sourcing.com\/wp-content\/uploads\/2023\/09\/logo-text-1024x1024.png 1024w, https:\/\/talent-sourcing.com\/wp-content\/uploads\/2023\/09\/logo-text-150x150.png 150w, https:\/\/talent-sourcing.com\/wp-content\/uploads\/2023\/09\/logo-text-768x768.png 768w, https:\/\/talent-sourcing.com\/wp-content\/uploads\/2023\/09\/logo-text.png 1080w\" sizes=\"(max-width: 300px) 100vw, 300px\" \/>\t\t\t\t\t\t\t\t\t\t\t\t\t\t\t<\/div>\n\t\t\t\t<\/div>\n\t\t\t\t<div class=\"elementor-element elementor-element-aa1638a elementor-invisible elementor-widget elementor-widget-jkit_heading\" data-id=\"aa1638a\" data-element_type=\"widget\" data-settings=\"{&quot;_animation&quot;:&quot;fadeIn&quot;,&quot;_animation_delay&quot;:200}\" data-widget_type=\"jkit_heading.default\">\n\t\t\t\t<div class=\"elementor-widget-container\">\n\t\t\t\t\t<div  class=\"jeg-elementor-kit jkit-heading  align- align-tablet- align-mobile- jeg_module__4_69f73506ab5ef\" ><div class=\"heading-section-title  display-inline-block\"><h4 class=\"heading-title\">Our vision<\/h4><\/div><div class=\"heading-section-description\"><p>We believe in proactively approaching candidates online as well as in person. For us, the future of recruitment lies in active sourcing and in companies being able to use their own recruiting resources more efficiently and sustainably with our support. We work with passion and commitment for your recruiting projects.<\/p><\/div><\/div>\t\t\t\t<\/div>\n\t\t\t\t<\/div>\n\t\t\t\t\t<\/div>\n\t\t<\/div>\n\t\t\t\t\t<\/div>\n\t\t<\/section>\n\t\t\t\t<\/div>","protected":false},"excerpt":{"rendered":"<p>Talent Sourcing Exzellenz &#8211; Engagement &#8211; Empathie &#8222;Ich helfe Unternehmen ein Gleichgewicht in einer Gesch\u00e4ftswelt voller st\u00e4ndiger Bewegung zu finden. Komplexit\u00e4t in der heutigen Talent Akquise ist mein Steckenpferd.&#8220; Magdalena Miedl, geb. Kagerer \u00dcber uns Ich bin Magdalena Miedl, geb. Kagerer, die Gr\u00fcnderin von Talent Sourcing. Ich besitze einen Bachelor-Abschluss in Tourismus und Business Management [&hellip;]<\/p>","protected":false},"author":1,"featured_media":0,"parent":0,"menu_order":0,"comment_status":"closed","ping_status":"closed","template":"elementor_header_footer","meta":{"_mi_skip_tracking":false,"_monsterinsights_sitenote_active":false,"_monsterinsights_sitenote_note":"","_monsterinsights_sitenote_category":0,"footnotes":""},"class_list":["post-514","page","type-page","status-publish","hentry"],"aioseo_notices":[],"_links":{"self":[{"href":"https:\/\/talent-sourcing.com\/english\/wp-json\/wp\/v2\/pages\/514","targetHints":{"allow":["GET"]}}],"collection":[{"href":"https:\/\/talent-sourcing.com\/english\/wp-json\/wp\/v2\/pages"}],"about":[{"href":"https:\/\/talent-sourcing.com\/english\/wp-json\/wp\/v2\/types\/page"}],"author":[{"embeddable":true,"href":"https:\/\/talent-sourcing.com\/english\/wp-json\/wp\/v2\/users\/1"}],"replies":[{"embeddable":true,"href":"https:\/\/talent-sourcing.com\/english\/wp-json\/wp\/v2\/comments?post=514"}],"version-history":[{"count":105,"href":"https:\/\/talent-sourcing.com\/english\/wp-json\/wp\/v2\/pages\/514\/revisions"}],"predecessor-version":[{"id":2356,"href":"https:\/\/talent-sourcing.com\/english\/wp-json\/wp\/v2\/pages\/514\/revisions\/2356"}],"wp:attachment":[{"href":"https:\/\/talent-sourcing.com\/english\/wp-json\/wp\/v2\/media?parent=514"}],"curies":[{"name":"wp","href":"https:\/\/api.w.org\/{rel}","templated":true}]}}