{"id":1158,"date":"2023-09-13T20:22:51","date_gmt":"2023-09-13T20:22:51","guid":{"rendered":"https:\/\/talent-sourcing.com\/?page_id=1158"},"modified":"2024-08-01T14:02:20","modified_gmt":"2024-08-01T12:02:20","slug":"impressum","status":"publish","type":"page","link":"https:\/\/talent-sourcing.com\/english\/impressum\/","title":{"rendered":"Imprint"},"content":{"rendered":"<div data-elementor-type=\"wp-page\" data-elementor-id=\"1158\" class=\"elementor elementor-1158\">\n\t\t\t\t\t\t<section class=\"elementor-section elementor-top-section elementor-element elementor-element-3461968 elementor-section-full_width jkit-sticky-element--enabled elementor-section-height-default elementor-section-height-default jkit-sticky-element-on--down jkit-sticky-position--sticky\" data-id=\"3461968\" data-element_type=\"section\" data-settings=\"{&quot;background_background&quot;:&quot;classic&quot;,&quot;jkit_sticky_device&quot;:&quot;desktop&quot;,&quot;jkit_sticky_top_position&quot;:{&quot;unit&quot;:&quot;px&quot;,&quot;size&quot;:0,&quot;sizes&quot;:[]}}\">\n\t\t\t\t\t\t<div class=\"elementor-container elementor-column-gap-no\">\n\t\t\t\t\t<div class=\"elementor-column elementor-col-100 elementor-top-column elementor-element elementor-element-f1c520c\" data-id=\"f1c520c\" data-element_type=\"column\">\n\t\t\t<div class=\"elementor-widget-wrap elementor-element-populated\">\n\t\t\t\t\t\t<section class=\"elementor-section elementor-inner-section elementor-element elementor-element-92841aa elementor-section-boxed elementor-section-height-default elementor-section-height-default\" data-id=\"92841aa\" data-element_type=\"section\">\n\t\t\t\t\t\t<div class=\"elementor-container elementor-column-gap-default\">\n\t\t\t\t\t<div class=\"elementor-column elementor-col-100 elementor-inner-column elementor-element elementor-element-f299e12\" data-id=\"f299e12\" data-element_type=\"column\">\n\t\t\t<div class=\"elementor-widget-wrap elementor-element-populated\">\n\t\t\t\t\t\t<div class=\"elementor-element elementor-element-3a727cb elementor-widget elementor-widget-heading\" data-id=\"3a727cb\" data-element_type=\"widget\" data-widget_type=\"heading.default\">\n\t\t\t\t<div class=\"elementor-widget-container\">\n\t\t\t\t\t<h2 class=\"elementor-heading-title elementor-size-default\">Imprint<\/h2>\t\t\t\t<\/div>\n\t\t\t\t<\/div>\n\t\t\t\t\t<\/div>\n\t\t<\/div>\n\t\t\t\t\t<\/div>\n\t\t<\/section>\n\t\t\t\t\t<\/div>\n\t\t<\/div>\n\t\t\t\t\t<\/div>\n\t\t<\/section>\n\t\t\t\t<section class=\"elementor-section elementor-top-section elementor-element elementor-element-1a2e80f elementor-reverse-tablet elementor-section-boxed elementor-section-height-default elementor-section-height-default\" data-id=\"1a2e80f\" data-element_type=\"section\" data-settings=\"{&quot;background_background&quot;:&quot;classic&quot;}\">\n\t\t\t\t\t\t<div class=\"elementor-container elementor-column-gap-default\">\n\t\t\t\t\t<div class=\"elementor-column elementor-col-100 elementor-top-column elementor-element elementor-element-9b58885\" data-id=\"9b58885\" data-element_type=\"column\">\n\t\t\t<div class=\"elementor-widget-wrap elementor-element-populated\">\n\t\t\t\t\t\t<div class=\"elementor-element elementor-element-8a091de imprint elementor-widget elementor-widget-text-editor\" data-id=\"8a091de\" data-element_type=\"widget\" data-widget_type=\"text-editor.default\">\n\t\t\t\t<div class=\"elementor-widget-container\">\n\t\t\t\t\t\t\t\t\t<h3>Information according to \u00a7 5 TMG<\/h3><p>Talent Sourcing GmbH<br \/>Gr\u00fcnwalder Weg 32D<br \/>82041 Oberhaching<br \/>Deutschland<\/p><p>Commercial register: HRB 287932<br \/>Register court: Amtsgericht M\u00fcnchen<\/p><p><strong>Represented by:<br \/><\/strong>Magdalena Miedl, born. Kagerer<strong><br \/><\/strong><\/p><h3>Contact<\/h3><p>Phone: +41(0)798701140<br \/>E-Mail: info@talent-sourcing.com<\/p><h3>Sales tax ID<\/h3><p>Sales tax identification number according to \u00a7 27 a sales tax law:<br \/>DE143\/184\/72646<\/p><h3>The imprint also applies to the following social media profiles:<\/h3><p>Facebook, Youtube, XING, LinkedIn, Instagram, TikTok<\/p><h3>Copyright<\/h3><p>Copyright Talent Sourcing GmbH. Alle Rechte vorbehalten. Alle Informationen und Inhalte auf unseren Seiten, unabh\u00e4ngig in welcher Darstellungsform und Anordnung, dienen der Information \u00fcber unser Dienstleistungen und unterliegen dem Schutz des Urheberrechts und anderer Schutzgesetze. Die Inhalte d\u00fcrfen weder vollst\u00e4ndig noch teilweise ohne die schriftliche Genehmigung von Talent Sourcing GmbH vervielf\u00e4ltigt, verbreitet, gespeichert, ver\u00e4ndert, \u00fcbersetzt oder in sonstiger Art und Weise verwendet oder Dritten zug\u00e4nglich gemacht werden.<\/p><h3>Guarantee<\/h3><p>Alle Inhalte dieses Internetangebotes wurden sorgf\u00e4ltig gepr\u00fcft. Eine Garantie f\u00fcr die Richtigkeit, Vollst\u00e4ndigkeit und letzte Aktualit\u00e4t k\u00f6nnen wir jedoch nicht \u00fcbernehmen. Talent Sourcing GmbH stellt alle Informationen ohne Zusicherung oder Gew\u00e4hrleistung jedweder Art zur Verf\u00fcgung. Talent Sourcing GmbH schlie\u00dft jegliche Haftung f\u00fcr direkt oder indirekt aus der Benutzung der Website entstehende Sch\u00e4den aus, soweit sie nicht auf Vorsatz oder grober Fahrl\u00e4ssigkeit beruhen.<\/p><h3>Out-of-court dispute resolution<\/h3><p>a) Information on consumer dispute resolution pursuant to Section 36 of the German Consumer Dispute Resolution Act (VSBG)<br \/>We do not participate in dispute resolution proceedings before a consumer arbitration board and are not obliged to do so. In the event of any complaints, we strive to find an amicable and customer-oriented solution together with you.<\/p><p>b) Information on online dispute resolution pursuant to Article 14(1) ODR Regulation<br \/>The European Commission provides a platform for online dispute resolution (ODR platform) of consumer disputes, which you can use\u00a0<u><a tabindex=\"-1\" href=\"http:\/\/ec.europa.eu\/consumers\/odr\/\" target=\"_blank\" rel=\"noopener\">hier<\/a><\/u>\u00a0findest.<\/p>\t\t\t\t\t\t\t\t<\/div>\n\t\t\t\t<\/div>\n\t\t\t\t\t<\/div>\n\t\t<\/div>\n\t\t\t\t\t<\/div>\n\t\t<\/section>\n\t\t\t\t<\/div>","protected":false},"excerpt":{"rendered":"<p>Impressum Angaben gem\u00e4\u00df \u00a7 5 TMG Talent Sourcing GmbHGr\u00fcnwalder Weg 32D82041 OberhachingDeutschland Handelsregister: HRB 287932Registergericht: Amtsgericht M\u00fcnchen Vertreten durch:Magdalena Miedl, geb. Kagerer Kontakt Telefon: +41(0)798701140E-Mail: info@talent-sourcing.com Umsatzsteuer-ID Umsatzsteuer-Identifikationsnummer gem\u00e4\u00df \u00a7 27 a Umsatzsteuergesetz:DE143\/184\/72646 Das Impressum gilt auch f\u00fcr folgende Social Media Profile: Facebook, Youtube, XING, LinkedIn, Instagram, TikTok Copyright Copyright Talent Sourcing GmbH. Alle Rechte [&hellip;]<\/p>","protected":false},"author":1,"featured_media":0,"parent":0,"menu_order":0,"comment_status":"closed","ping_status":"closed","template":"","meta":{"_mi_skip_tracking":false,"_monsterinsights_sitenote_active":false,"_monsterinsights_sitenote_note":"","_monsterinsights_sitenote_category":0,"footnotes":""},"class_list":["post-1158","page","type-page","status-publish","hentry"],"aioseo_notices":[],"_links":{"self":[{"href":"https:\/\/talent-sourcing.com\/english\/wp-json\/wp\/v2\/pages\/1158","targetHints":{"allow":["GET"]}}],"collection":[{"href":"https:\/\/talent-sourcing.com\/english\/wp-json\/wp\/v2\/pages"}],"about":[{"href":"https:\/\/talent-sourcing.com\/english\/wp-json\/wp\/v2\/types\/page"}],"author":[{"embeddable":true,"href":"https:\/\/talent-sourcing.com\/english\/wp-json\/wp\/v2\/users\/1"}],"replies":[{"embeddable":true,"href":"https:\/\/talent-sourcing.com\/english\/wp-json\/wp\/v2\/comments?post=1158"}],"version-history":[{"count":13,"href":"https:\/\/talent-sourcing.com\/english\/wp-json\/wp\/v2\/pages\/1158\/revisions"}],"predecessor-version":[{"id":2367,"href":"https:\/\/talent-sourcing.com\/english\/wp-json\/wp\/v2\/pages\/1158\/revisions\/2367"}],"wp:attachment":[{"href":"https:\/\/talent-sourcing.com\/english\/wp-json\/wp\/v2\/media?parent=1158"}],"curies":[{"name":"wp","href":"https:\/\/api.w.org\/{rel}","templated":true}]}}